{"id":22,"date":"2018-02-06T10:42:12","date_gmt":"2018-02-06T10:42:12","guid":{"rendered":"https:\/\/mentoring4future.es\/index.php\/about"},"modified":"2021-02-22T10:17:48","modified_gmt":"2021-02-22T09:17:48","slug":"servicios","status":"publish","type":"page","link":"https:\/\/mentoring4future.es\/index.php\/servicios","title":{"rendered":"Servicios"},"content":{"rendered":"\t\t<div data-elementor-type=\"wp-post\" data-elementor-id=\"22\" class=\"elementor elementor-22\">\n\t\t\t\t\t\t<section class=\"elementor-section elementor-top-section elementor-element elementor-element-f94cf52 elementor-section-content-bottom elementor-section-height-min-height elementor-section-boxed elementor-section-height-default elementor-section-items-middle\" data-id=\"f94cf52\" data-element_type=\"section\" data-e-type=\"section\" data-settings=\"{&quot;background_background&quot;:&quot;classic&quot;}\">\n\t\t\t\t\t\t\t<div class=\"elementor-background-overlay\"><\/div>\n\t\t\t\t\t\t\t<div class=\"elementor-container elementor-column-gap-extended\">\n\t\t\t\t\t<div class=\"elementor-column elementor-col-100 elementor-top-column elementor-element elementor-element-e47ba8f\" data-id=\"e47ba8f\" data-element_type=\"column\" data-e-type=\"column\">\n\t\t\t<div class=\"elementor-widget-wrap elementor-element-populated\">\n\t\t\t\t\t\t<div class=\"elementor-element elementor-element-384aea4 elementor-widget elementor-widget-heading\" data-id=\"384aea4\" data-element_type=\"widget\" data-e-type=\"widget\" data-widget_type=\"heading.default\">\n\t\t\t\t<div class=\"elementor-widget-container\">\n\t\t\t\t\t<h1 class=\"elementor-heading-title elementor-size-default\">Servicios<\/h1>\t\t\t\t<\/div>\n\t\t\t\t<\/div>\n\t\t\t\t\t<\/div>\n\t\t<\/div>\n\t\t\t\t\t<\/div>\n\t\t<\/section>\n\t\t\t\t<section class=\"elementor-section elementor-top-section elementor-element elementor-element-4eb72ed elementor-section-content-middle elementor-section-boxed elementor-section-height-default elementor-section-height-default\" data-id=\"4eb72ed\" data-element_type=\"section\" data-e-type=\"section\">\n\t\t\t\t\t\t<div class=\"elementor-container elementor-column-gap-extended\">\n\t\t\t\t\t<div class=\"elementor-column elementor-col-100 elementor-top-column elementor-element elementor-element-a5ec633\" data-id=\"a5ec633\" data-element_type=\"column\" data-e-type=\"column\">\n\t\t\t<div class=\"elementor-widget-wrap elementor-element-populated\">\n\t\t\t\t\t\t<div class=\"elementor-element elementor-element-f450392 elementor-widget elementor-widget-heading\" data-id=\"f450392\" data-element_type=\"widget\" data-e-type=\"widget\" data-widget_type=\"heading.default\">\n\t\t\t\t<div class=\"elementor-widget-container\">\n\t\t\t\t\t<h2 class=\"elementor-heading-title elementor-size-default\">Te acompa\u00f1amos para que tomes las riendas de tu futuro<\/h2>\t\t\t\t<\/div>\n\t\t\t\t<\/div>\n\t\t\t\t<div class=\"elementor-element elementor-element-d5b1e0e elementor-widget elementor-widget-text-editor\" data-id=\"d5b1e0e\" data-element_type=\"widget\" data-e-type=\"widget\" data-widget_type=\"text-editor.default\">\n\t\t\t\t<div class=\"elementor-widget-container\">\n\t\t\t\t\t\t\t\t\t<p><strong>Mentoring4Future <\/strong>(M4F) nace para ayudar a los j\u00f3venes a potenciar la motivaci\u00f3n y confianza, y acertar en el complicado momento de elegir su futuro acad\u00e9mico-profesional.<br \/>Nuestra misi\u00f3n es asegurarnos de que los estudiantes no est\u00e9n perdidos, desmotivados o confusos, y, si lo est\u00e1n, que podamos orientarles para que encuentren su camino.<br \/>Hacemos que los j\u00f3venes encuentren sus pasiones, sus cualidades; que profundicen en su autoconocimiento para que puedan ser coherentes con lo que quieren ser. Principalmente nos dirigimos a alumnos de 3\u00ba y 4\u00ba de la ESO, Bachillerato y Universitarios.<br \/>Esto lo conseguimos mediante el trabajo que realizamos elaborando\u00a0<strong>\u201cLa Hoja de Ruta\u201d\u00a0<\/strong>individualizada para cada joven, ya que todos aprendemos de maneras distintas e igualmente enriquecedoras.<\/p>\t\t\t\t\t\t\t\t<\/div>\n\t\t\t\t<\/div>\n\t\t\t\t<section class=\"elementor-section elementor-inner-section elementor-element elementor-element-e154ff3 elementor-section-content-top elementor-section-boxed elementor-section-height-default elementor-section-height-default\" data-id=\"e154ff3\" data-element_type=\"section\" data-e-type=\"section\">\n\t\t\t\t\t\t<div class=\"elementor-container elementor-column-gap-no\">\n\t\t\t\t\t<div class=\"elementor-column elementor-col-50 elementor-inner-column elementor-element elementor-element-993c614\" data-id=\"993c614\" data-element_type=\"column\" data-e-type=\"column\">\n\t\t\t<div class=\"elementor-widget-wrap elementor-element-populated\">\n\t\t\t\t\t\t<div class=\"elementor-element elementor-element-6aea1c5 elementor-widget elementor-widget-image\" data-id=\"6aea1c5\" data-element_type=\"widget\" data-e-type=\"widget\" data-widget_type=\"image.default\">\n\t\t\t\t<div class=\"elementor-widget-container\">\n\t\t\t\t\t\t\t\t\t\t\t\t\t\t\t<img fetchpriority=\"high\" decoding=\"async\" width=\"724\" height=\"483\" src=\"https:\/\/mentoring4future.es\/wp-content\/uploads\/2021\/01\/que_significa_sonar_con_gusanos_4546_orig.jpg\" class=\"attachment-large size-large wp-image-610\" alt=\"\" srcset=\"https:\/\/mentoring4future.es\/wp-content\/uploads\/2021\/01\/que_significa_sonar_con_gusanos_4546_orig.jpg 724w, https:\/\/mentoring4future.es\/wp-content\/uploads\/2021\/01\/que_significa_sonar_con_gusanos_4546_orig-300x200.jpg 300w\" sizes=\"(max-width: 724px) 100vw, 724px\" \/>\t\t\t\t\t\t\t\t\t\t\t\t\t\t\t<\/div>\n\t\t\t\t<\/div>\n\t\t\t\t\t<\/div>\n\t\t<\/div>\n\t\t\t\t<div class=\"elementor-column elementor-col-50 elementor-inner-column elementor-element elementor-element-609627a\" data-id=\"609627a\" data-element_type=\"column\" data-e-type=\"column\">\n\t\t\t<div class=\"elementor-widget-wrap elementor-element-populated\">\n\t\t\t\t\t\t<div class=\"elementor-element elementor-element-1e62267f elementor-widget elementor-widget-text-editor\" data-id=\"1e62267f\" data-element_type=\"widget\" data-e-type=\"widget\" data-widget_type=\"text-editor.default\">\n\t\t\t\t<div class=\"elementor-widget-container\">\n\t\t\t\t\t\t\t\t\t<strong>\u00bfC\u00f3mo lo hacemos?<\/strong>\n<ul>\n \t<li>Conociendo al joven y saber qui\u00e9n es y quiere ser como persona<\/li>\n \t<li>Saber la situaci\u00f3n en la que se encuentra actualmente<\/li>\n \t<li>Trabajar sus conocimientos, anhelos, sue\u00f1os y limitaciones<\/li>\n \t<li>Construir su camino de c\u00f3mo llegar a lo que quiere conseguir<\/li>\n \t<li>Ofrecemos colaboradores profesionales coaches y psic\u00f3logos especializados en orientaci\u00f3n y mentores de varias profesiones<\/li>\n \t<li>Seminarios tem\u00e1ticos trimestrales en grupo<\/li>\n \t<li>Encuentros en grupo fines de semana durante el a\u00f1o y en verano<\/li>\n \t<li>Creamos la \u201cHoja de Ruta\u201d personalizada<\/li>\n<\/ul>  \t\t\t\t\t\t\t\t<\/div>\n\t\t\t\t<\/div>\n\t\t\t\t\t<\/div>\n\t\t<\/div>\n\t\t\t\t\t<\/div>\n\t\t<\/section>\n\t\t\t\t<section class=\"elementor-section elementor-inner-section elementor-element elementor-element-5e2c1fd elementor-section-content-top elementor-section-boxed elementor-section-height-default elementor-section-height-default\" data-id=\"5e2c1fd\" data-element_type=\"section\" data-e-type=\"section\">\n\t\t\t\t\t\t<div class=\"elementor-container elementor-column-gap-no\">\n\t\t\t\t\t<div class=\"elementor-column elementor-col-50 elementor-inner-column elementor-element elementor-element-0126a84\" data-id=\"0126a84\" data-element_type=\"column\" data-e-type=\"column\">\n\t\t\t<div class=\"elementor-widget-wrap elementor-element-populated\">\n\t\t\t\t\t\t<div class=\"elementor-element elementor-element-3ca46a2 elementor-widget elementor-widget-text-editor\" data-id=\"3ca46a2\" data-element_type=\"widget\" data-e-type=\"widget\" data-widget_type=\"text-editor.default\">\n\t\t\t\t<div class=\"elementor-widget-container\">\n\t\t\t\t\t\t\t\t\t<p>Nuestro objetivo es acompa\u00f1ar a los j\u00f3venes, a sus padres, tutores y centros educativos, para que su camino sea m\u00e1s ligero, divertido, de aprendizaje y autoconocimiento. Les ayudamos a superar sus dificultades y des\u00e1nimo, gui\u00e1ndoles hacia nuevos caminos, con un enfoque m\u00e1s definido y no tan lleno de incertidumbres. Con nuestro apoyo, el joven podr\u00e1 caminar sinti\u00e9ndose m\u00e1s seguro y convencido de su futuro y convertirse en una persona m\u00e1s feliz y coherente a lo largo de las diferentes etapas de la vida.<\/p>\t\t\t\t\t\t\t\t<\/div>\n\t\t\t\t<\/div>\n\t\t\t\t\t<\/div>\n\t\t<\/div>\n\t\t\t\t<div class=\"elementor-column elementor-col-50 elementor-inner-column elementor-element elementor-element-0b4ea86\" data-id=\"0b4ea86\" data-element_type=\"column\" data-e-type=\"column\">\n\t\t\t<div class=\"elementor-widget-wrap elementor-element-populated\">\n\t\t\t\t\t\t<div class=\"elementor-element elementor-element-2e764af elementor-widget elementor-widget-image\" data-id=\"2e764af\" data-element_type=\"widget\" data-e-type=\"widget\" data-widget_type=\"image.default\">\n\t\t\t\t<div class=\"elementor-widget-container\">\n\t\t\t\t\t\t\t\t\t\t\t\t\t\t\t<img decoding=\"async\" width=\"768\" height=\"512\" src=\"https:\/\/mentoring4future.es\/wp-content\/uploads\/2021\/01\/2020060916563642324-768x512.jpg\" class=\"attachment-medium_large size-medium_large wp-image-611\" alt=\"\" srcset=\"https:\/\/mentoring4future.es\/wp-content\/uploads\/2021\/01\/2020060916563642324-768x512.jpg 768w, https:\/\/mentoring4future.es\/wp-content\/uploads\/2021\/01\/2020060916563642324-300x200.jpg 300w, https:\/\/mentoring4future.es\/wp-content\/uploads\/2021\/01\/2020060916563642324-1024x683.jpg 1024w, https:\/\/mentoring4future.es\/wp-content\/uploads\/2021\/01\/2020060916563642324.jpg 1200w\" sizes=\"(max-width: 768px) 100vw, 768px\" \/>\t\t\t\t\t\t\t\t\t\t\t\t\t\t\t<\/div>\n\t\t\t\t<\/div>\n\t\t\t\t\t<\/div>\n\t\t<\/div>\n\t\t\t\t\t<\/div>\n\t\t<\/section>\n\t\t\t\t\t<\/div>\n\t\t<\/div>\n\t\t\t\t\t<\/div>\n\t\t<\/section>\n\t\t\t\t<section class=\"elementor-section elementor-top-section elementor-element elementor-element-c06a6b9 elementor-section-boxed elementor-section-height-default elementor-section-height-default\" data-id=\"c06a6b9\" data-element_type=\"section\" data-e-type=\"section\">\n\t\t\t\t\t\t<div class=\"elementor-container elementor-column-gap-default\">\n\t\t\t\t\t<div class=\"elementor-column elementor-col-100 elementor-top-column elementor-element elementor-element-9e88963\" data-id=\"9e88963\" data-element_type=\"column\" data-e-type=\"column\">\n\t\t\t<div class=\"elementor-widget-wrap elementor-element-populated\">\n\t\t\t\t\t\t<div class=\"elementor-element elementor-element-ae7e7de elementor-tabs-view-horizontal elementor-widget elementor-widget-tabs\" data-id=\"ae7e7de\" data-element_type=\"widget\" data-e-type=\"widget\" data-widget_type=\"tabs.default\">\n\t\t\t\t<div class=\"elementor-widget-container\">\n\t\t\t\t\t\t\t<div class=\"elementor-tabs\">\n\t\t\t<div class=\"elementor-tabs-wrapper\" role=\"tablist\" >\n\t\t\t\t\t\t\t\t\t<div id=\"elementor-tab-title-1821\" class=\"elementor-tab-title elementor-tab-desktop-title\" aria-selected=\"true\" data-tab=\"1\" role=\"tab\" tabindex=\"0\" aria-controls=\"elementor-tab-content-1821\" aria-expanded=\"false\">Servicios Individuales<\/div>\n\t\t\t\t\t\t\t\t\t<div id=\"elementor-tab-title-1822\" class=\"elementor-tab-title elementor-tab-desktop-title\" aria-selected=\"false\" data-tab=\"2\" role=\"tab\" tabindex=\"-1\" aria-controls=\"elementor-tab-content-1822\" aria-expanded=\"false\">Centros Educativos<\/div>\n\t\t\t\t\t\t\t\t\t<div id=\"elementor-tab-title-1823\" class=\"elementor-tab-title elementor-tab-desktop-title\" aria-selected=\"false\" data-tab=\"3\" role=\"tab\" tabindex=\"-1\" aria-controls=\"elementor-tab-content-1823\" aria-expanded=\"false\">Universidades<\/div>\n\t\t\t\t\t\t\t<\/div>\n\t\t\t<div class=\"elementor-tabs-content-wrapper\" role=\"tablist\" aria-orientation=\"vertical\">\n\t\t\t\t\t\t\t\t\t<div class=\"elementor-tab-title elementor-tab-mobile-title\" aria-selected=\"true\" data-tab=\"1\" role=\"tab\" tabindex=\"0\" aria-controls=\"elementor-tab-content-1821\" aria-expanded=\"false\">Servicios Individuales<\/div>\n\t\t\t\t\t<div id=\"elementor-tab-content-1821\" class=\"elementor-tab-content elementor-clearfix\" data-tab=\"1\" role=\"tabpanel\" aria-labelledby=\"elementor-tab-title-1821\" tabindex=\"0\" hidden=\"false\"><p>Mediante sesiones individuales, queremos conocer al joven y saber qui\u00e9n es o quiere ser como persona, en qu\u00e9 situaci\u00f3n se encuentra actualmente, y hac\u00eda donde quiere ir. Para as\u00ed trabajar sus conocimientos, anhelos, limitaciones y sue\u00f1os, para construir su camino acad\u00e9mico y profesional de futuro, co-creando su <strong>Hoja de Ruta.<\/strong> Para que llegue a donde cree que quiere llegar en este momento, con seguridad, autoestima bien centrada para mejor tomar decisiones importantes del momento. El acompa\u00f1amiento y colaboraci\u00f3n de coaches, mentores y psic\u00f3logos especializados en orientaci\u00f3n, con un amplio bagaje personal y profesional, hace la diferencia. Queremos ser un apoyo para las familias en este tramo de sus vidas.<\/p><p><strong>Trabajamos a trav\u00e9s de las herramientas:\u00a0<\/strong><\/p><ul><li>DISC Estudiantes<\/li><li>LEGO Serious Play<\/li><li>Coaching x Valores<\/li><\/ul><p><img decoding=\"async\" class=\"wp-image-992 aligncenter\" src=\"https:\/\/mentoring4future.es\/wp-content\/uploads\/2021\/02\/Captura-de-pantalla-2021-02-12-a-las-9.45.02-1024x321.png\" alt=\"\" width=\"800\" height=\"251\" srcset=\"https:\/\/mentoring4future.es\/wp-content\/uploads\/2021\/02\/Captura-de-pantalla-2021-02-12-a-las-9.45.02-1024x321.png 1024w, https:\/\/mentoring4future.es\/wp-content\/uploads\/2021\/02\/Captura-de-pantalla-2021-02-12-a-las-9.45.02-300x94.png 300w, https:\/\/mentoring4future.es\/wp-content\/uploads\/2021\/02\/Captura-de-pantalla-2021-02-12-a-las-9.45.02-768x241.png 768w, https:\/\/mentoring4future.es\/wp-content\/uploads\/2021\/02\/Captura-de-pantalla-2021-02-12-a-las-9.45.02-1536x482.png 1536w, https:\/\/mentoring4future.es\/wp-content\/uploads\/2021\/02\/Captura-de-pantalla-2021-02-12-a-las-9.45.02.png 1850w\" sizes=\"(max-width: 800px) 100vw, 800px\" \/><\/p><p><strong>Talleres:<\/strong><\/p><ul><li>Autoconocimiento mediante la Gestalt<\/li><li>Psicoterapia y orientaci\u00f3n laboral<\/li><li>Seminarios tem\u00e1ticos en grupo<\/li><li>Encuentros en grupo fines de semana durante el a\u00f1o y en verano<\/li><li>Co-creamos la \u201cHoja de Ruta\u201d personalizada<\/li><\/ul><\/div>\n\t\t\t\t\t\t\t\t\t<div class=\"elementor-tab-title elementor-tab-mobile-title\" aria-selected=\"false\" data-tab=\"2\" role=\"tab\" tabindex=\"-1\" aria-controls=\"elementor-tab-content-1822\" aria-expanded=\"false\">Centros Educativos<\/div>\n\t\t\t\t\t<div id=\"elementor-tab-content-1822\" class=\"elementor-tab-content elementor-clearfix\" data-tab=\"2\" role=\"tabpanel\" aria-labelledby=\"elementor-tab-title-1822\" tabindex=\"0\" hidden=\"hidden\"><p>Mentoring4Future colabora y ayuda a los centros de formaci\u00f3n con una perspectiva externa, pensada para reforzar su cometido a la hora de orientar al estudiante. Esto lo aporta mediante una serie de talleres con expertos que se complementan entre s\u00ed y aportan un valor a\u00f1adido, para enriquecer a\u00fan m\u00e1s el universo del alumnado, profesorado y direcci\u00f3n de los centros.<\/p><p>Todos estos objetivos los alcanzamos mediante un <strong>proceso grupal<\/strong> que ayuda a los estudiantes a:<\/p><ul><li>Identificar su punto de partida, incluido los puntos fuertes y d\u00e9biles.<\/li><li>Reconocer lo que en verdad les motiva y quieren ser.<\/li><li>Superar los obst\u00e1culos que se interponen en su camino.<\/li><li>Desarrollar habilidades que los empoderen.<\/li><li>Crear su propia \u201cHoja de Ruta\u201d de desarrollo acad\u00e9mico y futuro profesional.<\/li><\/ul><\/div>\n\t\t\t\t\t\t\t\t\t<div class=\"elementor-tab-title elementor-tab-mobile-title\" aria-selected=\"false\" data-tab=\"3\" role=\"tab\" tabindex=\"-1\" aria-controls=\"elementor-tab-content-1823\" aria-expanded=\"false\">Universidades<\/div>\n\t\t\t\t\t<div id=\"elementor-tab-content-1823\" class=\"elementor-tab-content elementor-clearfix\" data-tab=\"3\" role=\"tabpanel\" aria-labelledby=\"elementor-tab-title-1823\" tabindex=\"0\" hidden=\"hidden\"><p>Mentoring4Future colabora y trabaja con las universidades de manera concreta, a trav\u00e9s de conferencias inspiradoras, sesiones, talleres y proyectos para ampliar la visi\u00f3n de desarrollo de la formaci\u00f3n del alumnado en sus grados, postgrados y m\u00e1steres, hac\u00eda un futuro profesional de mirada y visi\u00f3n amplia, social e integradora. A trav\u00e9s de la Agenda 2030 y los Objetivos de Desarrollo Sostenible (ODS) para una trayectoria profesional m\u00e1s enriquecedora y humana, para convertirse en agentes de <strong>\u201ctransformaci\u00f3n social\u201d<\/strong> activo para la sociedad en su conjunto. M4F trae consigo una perspectiva externa enriquecedora de un equipo multidisciplinar, multicultural y trayectoria internacional de excelencia en campos como: Cooperaci\u00f3n internacional, Coaching y Comunicaci\u00f3n.<\/p><\/div>\n\t\t\t\t\t\t\t<\/div>\n\t\t<\/div>\n\t\t\t\t\t\t<\/div>\n\t\t\t\t<\/div>\n\t\t\t\t\t<\/div>\n\t\t<\/div>\n\t\t\t\t\t<\/div>\n\t\t<\/section>\n\t\t\t\t<\/div>\n\t\t","protected":false},"excerpt":{"rendered":"<p>Servicios Te acompa\u00f1amos para que tomes las riendas de tu futuro Mentoring4Future (M4F) nace para ayudar a los j\u00f3venes a potenciar la motivaci\u00f3n y confianza, y acertar en el complicado momento de elegir su futuro acad\u00e9mico-profesional.Nuestra misi\u00f3n es asegurarnos de que los estudiantes no est\u00e9n perdidos, desmotivados o confusos, y, si lo est\u00e1n, que podamos &hellip;<\/p>\n<p class=\"read-more\"> <a class=\"\" href=\"https:\/\/mentoring4future.es\/index.php\/servicios\"> <span class=\"screen-reader-text\">Servicios<\/span> Leer m\u00e1s &raquo;<\/a><\/p>\n","protected":false},"author":1,"featured_media":0,"parent":0,"menu_order":0,"comment_status":"closed","ping_status":"closed","template":"","meta":{"footnotes":""},"class_list":["post-22","page","type-page","status-publish","hentry"],"_links":{"self":[{"href":"https:\/\/mentoring4future.es\/index.php\/wp-json\/wp\/v2\/pages\/22","targetHints":{"allow":["GET"]}}],"collection":[{"href":"https:\/\/mentoring4future.es\/index.php\/wp-json\/wp\/v2\/pages"}],"about":[{"href":"https:\/\/mentoring4future.es\/index.php\/wp-json\/wp\/v2\/types\/page"}],"author":[{"embeddable":true,"href":"https:\/\/mentoring4future.es\/index.php\/wp-json\/wp\/v2\/users\/1"}],"replies":[{"embeddable":true,"href":"https:\/\/mentoring4future.es\/index.php\/wp-json\/wp\/v2\/comments?post=22"}],"version-history":[{"count":83,"href":"https:\/\/mentoring4future.es\/index.php\/wp-json\/wp\/v2\/pages\/22\/revisions"}],"predecessor-version":[{"id":1176,"href":"https:\/\/mentoring4future.es\/index.php\/wp-json\/wp\/v2\/pages\/22\/revisions\/1176"}],"wp:attachment":[{"href":"https:\/\/mentoring4future.es\/index.php\/wp-json\/wp\/v2\/media?parent=22"}],"curies":[{"name":"wp","href":"https:\/\/api.w.org\/{rel}","templated":true}]}}