{"id":651,"date":"2021-01-13T19:10:57","date_gmt":"2021-01-13T19:10:57","guid":{"rendered":"https:\/\/mentoring4future.es\/?page_id=651"},"modified":"2021-02-22T10:20:25","modified_gmt":"2021-02-22T09:20:25","slug":"blog","status":"publish","type":"page","link":"https:\/\/mentoring4future.es\/index.php\/blog","title":{"rendered":"Blog"},"content":{"rendered":"\t\t<div data-elementor-type=\"wp-post\" data-elementor-id=\"651\" class=\"elementor elementor-651\">\n\t\t\t\t\t\t<section class=\"elementor-section elementor-top-section elementor-element elementor-element-7314e47 elementor-section-content-bottom elementor-section-height-min-height elementor-section-boxed elementor-section-height-default elementor-section-items-middle\" data-id=\"7314e47\" data-element_type=\"section\" data-e-type=\"section\" data-settings=\"{&quot;background_background&quot;:&quot;classic&quot;}\">\n\t\t\t\t\t\t\t<div class=\"elementor-background-overlay\"><\/div>\n\t\t\t\t\t\t\t<div class=\"elementor-container elementor-column-gap-extended\">\n\t\t\t\t\t<div class=\"elementor-column elementor-col-100 elementor-top-column elementor-element elementor-element-4dd9d08\" data-id=\"4dd9d08\" data-element_type=\"column\" data-e-type=\"column\">\n\t\t\t<div class=\"elementor-widget-wrap elementor-element-populated\">\n\t\t\t\t\t\t<div class=\"elementor-element elementor-element-9016604 elementor-widget elementor-widget-heading\" data-id=\"9016604\" data-element_type=\"widget\" data-e-type=\"widget\" data-widget_type=\"heading.default\">\n\t\t\t\t<div class=\"elementor-widget-container\">\n\t\t\t\t\t<h1 class=\"elementor-heading-title elementor-size-default\">Blog<\/h1>\t\t\t\t<\/div>\n\t\t\t\t<\/div>\n\t\t\t\t\t<\/div>\n\t\t<\/div>\n\t\t\t\t\t<\/div>\n\t\t<\/section>\n\t\t\t\t<section class=\"elementor-section elementor-top-section elementor-element elementor-element-6a5da01 elementor-section-boxed elementor-section-height-default elementor-section-height-default\" data-id=\"6a5da01\" data-element_type=\"section\" data-e-type=\"section\">\n\t\t\t\t\t\t<div class=\"elementor-container elementor-column-gap-default\">\n\t\t\t\t\t<div class=\"elementor-column elementor-col-100 elementor-top-column elementor-element elementor-element-3229f6b\" data-id=\"3229f6b\" data-element_type=\"column\" data-e-type=\"column\">\n\t\t\t<div class=\"elementor-widget-wrap elementor-element-populated\">\n\t\t\t\t\t\t<div class=\"elementor-element elementor-element-083b8ba elementor-grid-3 elementor-grid-tablet-2 elementor-grid-mobile-1 elementor-posts--align-left elementor-widget elementor-widget-blogmentor_blog_posts\" data-id=\"083b8ba\" data-element_type=\"widget\" data-e-type=\"widget\" data-settings=\"{&quot;bm_grid_columns&quot;:&quot;3&quot;,&quot;bm_grid_columns_tablet&quot;:&quot;2&quot;,&quot;bm_grid_columns_mobile&quot;:&quot;1&quot;,&quot;post_card_grid_gap&quot;:{&quot;unit&quot;:&quot;px&quot;,&quot;size&quot;:10,&quot;sizes&quot;:[]},&quot;post_card_row_gap&quot;:{&quot;unit&quot;:&quot;px&quot;,&quot;size&quot;:35,&quot;sizes&quot;:[]}}\" data-widget_type=\"blogmentor_blog_posts.default\">\n\t\t\t\t<div class=\"elementor-widget-container\">\n\t\t\t\t\t\t\t\n\t\t\t\t\t\t\t\t<div class=\"bm-blog-posts-wrapper\" >\n\t\t\t\t\t\t\t<div class=\"bm-blog-posts bm-display-grid elementor-grid elementor-grid-3\" >\n\t\t\t\t    <article id=\"post-1140\" class=\"item bm_layout post-1140 post type-post status-publish format-standard has-post-thumbnail hentry category-entrevistas category-mentoring category-orientacion\">\n\t\t<div class=\"bm-blog-post-image entry-post-image\">\n\t\t\t<div class=\"bm-post-image clearfix bm-hover-effect bm-hover-effect-blur\">\n\t\t\t\t<img fetchpriority=\"high\" decoding=\"async\" width=\"250\" height=\"250\" src=\"https:\/\/mentoring4future.es\/wp-content\/uploads\/2021\/02\/Captura-de-pantalla-2021-02-16-a-las-10.19.51-250x250.png\" class=\"attachment-bm-post-thumb size-bm-post-thumb wp-post-image\" alt=\"\" srcset=\"https:\/\/mentoring4future.es\/wp-content\/uploads\/2021\/02\/Captura-de-pantalla-2021-02-16-a-las-10.19.51-250x250.png 250w, https:\/\/mentoring4future.es\/wp-content\/uploads\/2021\/02\/Captura-de-pantalla-2021-02-16-a-las-10.19.51-150x150.png 150w\" sizes=\"(max-width: 250px) 100vw, 250px\" \/>\t\t\t<\/div>\n\t\t<\/div>\n        <div class=\"bm-blog-post-content bm_content_box\">\n            <h4 class=\"entry-post-title bm_title\"><a href=\"https:\/\/mentoring4future.es\/index.php\/archivos\/1140\" rel=\"bookmark\">TALLERES M4F EN EQUIPO<\/a><\/h4>            <div class=\"bm-blog-post-meta entry-post-meta bm_meta\">\n                <span class=\"posted-on\"><i class=\"fa fa-clock\" aria-hidden=\"true\"><\/i><a href=\"https:\/\/mentoring4future.es\/index.php\/archivos\/1140\" rel=\"bookmark\">17\/02\/2021<\/a><\/span>            <\/div>\n            <div class=\"entry-post-content bm_content\">\n                Este 2021 lo hemos empezado con fuerza, alegr\u00eda y objetivos nuevos, porque renovarse, adaptarse y crecer es importante. Dir\u00eda que es vital para mejorar en <div><a href=\"https:\/\/mentoring4future.es\/index.php\/archivos\/1140\" rel=\"bookmark\" class=\"bm-read-more entry-read-more\">Leer m\u00e1s \u00bb<\/a><div>            <\/div>\n        <\/div>\n    <\/article>\n    <article id=\"post-934\" class=\"item bm_layout post-934 post type-post status-publish format-standard has-post-thumbnail hentry category-entrevistas category-mentoring category-orientacion\">\n\t\t<div class=\"bm-blog-post-image entry-post-image\">\n\t\t\t<div class=\"bm-post-image clearfix bm-hover-effect bm-hover-effect-blur\">\n\t\t\t\t<img decoding=\"async\" width=\"250\" height=\"250\" src=\"https:\/\/mentoring4future.es\/wp-content\/uploads\/2021\/02\/back-view-man-looking-away-with-copy-space-250x250.jpg\" class=\"attachment-bm-post-thumb size-bm-post-thumb wp-post-image\" alt=\"\" srcset=\"https:\/\/mentoring4future.es\/wp-content\/uploads\/2021\/02\/back-view-man-looking-away-with-copy-space-250x250.jpg 250w, https:\/\/mentoring4future.es\/wp-content\/uploads\/2021\/02\/back-view-man-looking-away-with-copy-space-150x150.jpg 150w\" sizes=\"(max-width: 250px) 100vw, 250px\" \/>\t\t\t<\/div>\n\t\t<\/div>\n        <div class=\"bm-blog-post-content bm_content_box\">\n            <h4 class=\"entry-post-title bm_title\"><a href=\"https:\/\/mentoring4future.es\/index.php\/archivos\/934\" rel=\"bookmark\">POST COVID Y M4F<\/a><\/h4>            <div class=\"bm-blog-post-meta entry-post-meta bm_meta\">\n                <span class=\"posted-on\"><i class=\"fa fa-clock\" aria-hidden=\"true\"><\/i><a href=\"https:\/\/mentoring4future.es\/index.php\/archivos\/934\" rel=\"bookmark\">11\/02\/2021<\/a><\/span>            <\/div>\n            <div class=\"entry-post-content bm_content\">\n                Iniciamos el 2021 con la convicci\u00f3n que debemos seguir adelante, a por nuestros sue\u00f1os, objetivos, anhelos y proyectos ilusionantes. Porque visto lo visto durante 2020 <div><a href=\"https:\/\/mentoring4future.es\/index.php\/archivos\/934\" rel=\"bookmark\" class=\"bm-read-more entry-read-more\">Leer m\u00e1s \u00bb<\/a><div>            <\/div>\n        <\/div>\n    <\/article>\n    <article id=\"post-643\" class=\"item bm_layout post-643 post type-post status-publish format-standard has-post-thumbnail hentry category-entrevistas category-mentoring category-orientacion\">\n\t\t<div class=\"bm-blog-post-image entry-post-image\">\n\t\t\t<div class=\"bm-post-image clearfix bm-hover-effect bm-hover-effect-blur\">\n\t\t\t\t<img decoding=\"async\" width=\"250\" height=\"188\" src=\"https:\/\/mentoring4future.es\/wp-content\/uploads\/2021\/01\/IMG_20191203_155839-1024x768-1.jpg\" class=\"attachment-bm-post-thumb size-bm-post-thumb wp-post-image\" alt=\"\" srcset=\"https:\/\/mentoring4future.es\/wp-content\/uploads\/2021\/01\/IMG_20191203_155839-1024x768-1.jpg 1024w, https:\/\/mentoring4future.es\/wp-content\/uploads\/2021\/01\/IMG_20191203_155839-1024x768-1-300x225.jpg 300w, https:\/\/mentoring4future.es\/wp-content\/uploads\/2021\/01\/IMG_20191203_155839-1024x768-1-768x576.jpg 768w\" sizes=\"(max-width: 250px) 100vw, 250px\" \/>\t\t\t<\/div>\n\t\t<\/div>\n        <div class=\"bm-blog-post-content bm_content_box\">\n            <h4 class=\"entry-post-title bm_title\"><a href=\"https:\/\/mentoring4future.es\/index.php\/archivos\/643\" rel=\"bookmark\">Entrevista a Alexandra Haglund en el programa \u201cTot es possible\u201d en RAC1<\/a><\/h4>            <div class=\"bm-blog-post-meta entry-post-meta bm_meta\">\n                <span class=\"posted-on\"><i class=\"fa fa-clock\" aria-hidden=\"true\"><\/i><a href=\"https:\/\/mentoring4future.es\/index.php\/archivos\/643\" rel=\"bookmark\">26\/12\/2019<\/a><\/span>            <\/div>\n            <div class=\"entry-post-content bm_content\">\n                Ayer en el programa de Rac 1 en Todo es Posible con Elisenda Camps, presentamos la iniciativa de Mentoring4Future (M4F y el potencial que puede <div><a href=\"https:\/\/mentoring4future.es\/index.php\/archivos\/643\" rel=\"bookmark\" class=\"bm-read-more entry-read-more\">Leer m\u00e1s \u00bb<\/a><div>            <\/div>\n        <\/div>\n    <\/article>\n    <article id=\"post-640\" class=\"item bm_layout post-640 post type-post status-publish format-standard has-post-thumbnail hentry category-mentoring category-orientacion\">\n\t\t<div class=\"bm-blog-post-image entry-post-image\">\n\t\t\t<div class=\"bm-post-image clearfix bm-hover-effect bm-hover-effect-blur\">\n\t\t\t\t<img loading=\"lazy\" decoding=\"async\" width=\"250\" height=\"180\" src=\"https:\/\/mentoring4future.es\/wp-content\/uploads\/2021\/01\/m4f.jpg\" class=\"attachment-bm-post-thumb size-bm-post-thumb wp-post-image\" alt=\"\" srcset=\"https:\/\/mentoring4future.es\/wp-content\/uploads\/2021\/01\/m4f.jpg 2482w, https:\/\/mentoring4future.es\/wp-content\/uploads\/2021\/01\/m4f-300x216.jpg 300w, https:\/\/mentoring4future.es\/wp-content\/uploads\/2021\/01\/m4f-1024x738.jpg 1024w, https:\/\/mentoring4future.es\/wp-content\/uploads\/2021\/01\/m4f-768x553.jpg 768w, https:\/\/mentoring4future.es\/wp-content\/uploads\/2021\/01\/m4f-1536x1107.jpg 1536w, https:\/\/mentoring4future.es\/wp-content\/uploads\/2021\/01\/m4f-2048x1475.jpg 2048w\" sizes=\"(max-width: 250px) 100vw, 250px\" \/>\t\t\t<\/div>\n\t\t<\/div>\n        <div class=\"bm-blog-post-content bm_content_box\">\n            <h4 class=\"entry-post-title bm_title\"><a href=\"https:\/\/mentoring4future.es\/index.php\/archivos\/640\" rel=\"bookmark\">MENTORING4FUTURE en El Peri\u00f3dico de Catalunya<\/a><\/h4>            <div class=\"bm-blog-post-meta entry-post-meta bm_meta\">\n                <span class=\"posted-on\"><i class=\"fa fa-clock\" aria-hidden=\"true\"><\/i><a href=\"https:\/\/mentoring4future.es\/index.php\/archivos\/640\" rel=\"bookmark\">10\/03\/2019<\/a><\/span>            <\/div>\n            <div class=\"entry-post-content bm_content\">\n                En la entrevista, Alexandra Haglund, creadora del proyecto explica que el objetivo de Mentoring4Future es conectar a los j\u00f3venes, desde la ESO hasta la universidad <div><a href=\"https:\/\/mentoring4future.es\/index.php\/archivos\/640\" rel=\"bookmark\" class=\"bm-read-more entry-read-more\">Leer m\u00e1s \u00bb<\/a><div>            <\/div>\n        <\/div>\n    <\/article>\n    <article id=\"post-637\" class=\"item bm_layout post-637 post type-post status-publish format-standard has-post-thumbnail hentry category-mentoring category-orientacion\">\n\t\t<div class=\"bm-blog-post-image entry-post-image\">\n\t\t\t<div class=\"bm-post-image clearfix bm-hover-effect bm-hover-effect-blur\">\n\t\t\t\t<img loading=\"lazy\" decoding=\"async\" width=\"250\" height=\"167\" src=\"https:\/\/mentoring4future.es\/wp-content\/uploads\/2021\/01\/mujer-dormida-sobre-sus-piernas_1150-138.jpg\" class=\"attachment-bm-post-thumb size-bm-post-thumb wp-post-image\" alt=\"\" srcset=\"https:\/\/mentoring4future.es\/wp-content\/uploads\/2021\/01\/mujer-dormida-sobre-sus-piernas_1150-138.jpg 626w, https:\/\/mentoring4future.es\/wp-content\/uploads\/2021\/01\/mujer-dormida-sobre-sus-piernas_1150-138-300x200.jpg 300w\" sizes=\"(max-width: 250px) 100vw, 250px\" \/>\t\t\t<\/div>\n\t\t<\/div>\n        <div class=\"bm-blog-post-content bm_content_box\">\n            <h4 class=\"entry-post-title bm_title\"><a href=\"https:\/\/mentoring4future.es\/index.php\/archivos\/637\" rel=\"bookmark\">Ser Madres\/Padres y adem\u00e1s orientar\u2026<\/a><\/h4>            <div class=\"bm-blog-post-meta entry-post-meta bm_meta\">\n                <span class=\"posted-on\"><i class=\"fa fa-clock\" aria-hidden=\"true\"><\/i><a href=\"https:\/\/mentoring4future.es\/index.php\/archivos\/637\" rel=\"bookmark\">04\/12\/2018<\/a><\/span>            <\/div>\n            <div class=\"entry-post-content bm_content\">\n                Puede ser un tanto compleja esta funci\u00f3n y labor, ya que nos hace algo m\u00e1s sensibles ante momentos dif\u00edciles a los que se enfrentan nuestras <div><a href=\"https:\/\/mentoring4future.es\/index.php\/archivos\/637\" rel=\"bookmark\" class=\"bm-read-more entry-read-more\">Leer m\u00e1s \u00bb<\/a><div>            <\/div>\n        <\/div>\n    <\/article>\n    <article id=\"post-634\" class=\"item bm_layout post-634 post type-post status-publish format-standard has-post-thumbnail hentry category-orientacion category-uncategorized\">\n\t\t<div class=\"bm-blog-post-image entry-post-image\">\n\t\t\t<div class=\"bm-post-image clearfix bm-hover-effect bm-hover-effect-blur\">\n\t\t\t\t<img loading=\"lazy\" decoding=\"async\" width=\"250\" height=\"117\" src=\"https:\/\/mentoring4future.es\/wp-content\/uploads\/2021\/01\/Captura-de-pantalla-2018-10-30-a-las-13.18.58.png\" class=\"attachment-bm-post-thumb size-bm-post-thumb wp-post-image\" alt=\"\" srcset=\"https:\/\/mentoring4future.es\/wp-content\/uploads\/2021\/01\/Captura-de-pantalla-2018-10-30-a-las-13.18.58.png 2306w, https:\/\/mentoring4future.es\/wp-content\/uploads\/2021\/01\/Captura-de-pantalla-2018-10-30-a-las-13.18.58-300x140.png 300w, https:\/\/mentoring4future.es\/wp-content\/uploads\/2021\/01\/Captura-de-pantalla-2018-10-30-a-las-13.18.58-1024x479.png 1024w, https:\/\/mentoring4future.es\/wp-content\/uploads\/2021\/01\/Captura-de-pantalla-2018-10-30-a-las-13.18.58-768x359.png 768w, https:\/\/mentoring4future.es\/wp-content\/uploads\/2021\/01\/Captura-de-pantalla-2018-10-30-a-las-13.18.58-1536x718.png 1536w, https:\/\/mentoring4future.es\/wp-content\/uploads\/2021\/01\/Captura-de-pantalla-2018-10-30-a-las-13.18.58-2048x957.png 2048w\" sizes=\"(max-width: 250px) 100vw, 250px\" \/>\t\t\t<\/div>\n\t\t<\/div>\n        <div class=\"bm-blog-post-content bm_content_box\">\n            <h4 class=\"entry-post-title bm_title\"><a href=\"https:\/\/mentoring4future.es\/index.php\/archivos\/634\" rel=\"bookmark\">D\u00eda de las Escritoras<\/a><\/h4>            <div class=\"bm-blog-post-meta entry-post-meta bm_meta\">\n                <span class=\"posted-on\"><i class=\"fa fa-clock\" aria-hidden=\"true\"><\/i><a href=\"https:\/\/mentoring4future.es\/index.php\/archivos\/634\" rel=\"bookmark\">30\/10\/2018<\/a><\/span>            <\/div>\n            <div class=\"entry-post-content bm_content\">\n                El pasado d\u00eda 15 de octubre se organiz\u00f3 por tercer a\u00f1o consecutivo el&nbsp;D\u00eda de las Escritoras. Poetas, novelistas, dramaturgas y ensayistas defensoras de unos ideales <div><a href=\"https:\/\/mentoring4future.es\/index.php\/archivos\/634\" rel=\"bookmark\" class=\"bm-read-more entry-read-more\">Leer m\u00e1s \u00bb<\/a><div>            <\/div>\n        <\/div>\n    <\/article>\n    <article id=\"post-630\" class=\"item bm_layout post-630 post type-post status-publish format-standard has-post-thumbnail hentry category-mentoring category-orientacion\">\n\t\t<div class=\"bm-blog-post-image entry-post-image\">\n\t\t\t<div class=\"bm-post-image clearfix bm-hover-effect bm-hover-effect-blur\">\n\t\t\t\t<img loading=\"lazy\" decoding=\"async\" width=\"250\" height=\"134\" src=\"https:\/\/mentoring4future.es\/wp-content\/uploads\/2018\/10\/0.jpg\" class=\"attachment-bm-post-thumb size-bm-post-thumb wp-post-image\" alt=\"\" srcset=\"https:\/\/mentoring4future.es\/wp-content\/uploads\/2018\/10\/0.jpg 744w, https:\/\/mentoring4future.es\/wp-content\/uploads\/2018\/10\/0-300x161.jpg 300w\" sizes=\"(max-width: 250px) 100vw, 250px\" \/>\t\t\t<\/div>\n\t\t<\/div>\n        <div class=\"bm-blog-post-content bm_content_box\">\n            <h4 class=\"entry-post-title bm_title\"><a href=\"https:\/\/mentoring4future.es\/index.php\/archivos\/630\" rel=\"bookmark\">Academy for Software Engineering<\/a><\/h4>            <div class=\"bm-blog-post-meta entry-post-meta bm_meta\">\n                <span class=\"posted-on\"><i class=\"fa fa-clock\" aria-hidden=\"true\"><\/i><a href=\"https:\/\/mentoring4future.es\/index.php\/archivos\/630\" rel=\"bookmark\">16\/10\/2018<\/a><\/span>            <\/div>\n            <div class=\"entry-post-content bm_content\">\n                Proyecto interesante en un instituto p\u00fablico de la ciudad de Nueva York, que avanza con \u00e9xito porque se implican los profesores, motivan a los j\u00f3venes <div><a href=\"https:\/\/mentoring4future.es\/index.php\/archivos\/630\" rel=\"bookmark\" class=\"bm-read-more entry-read-more\">Leer m\u00e1s \u00bb<\/a><div>            <\/div>\n        <\/div>\n    <\/article>\n    <article id=\"post-1\" class=\"item bm_layout post-1 post type-post status-publish format-standard has-post-thumbnail hentry category-mentoring category-orientacion\">\n\t\t<div class=\"bm-blog-post-image entry-post-image\">\n\t\t\t<div class=\"bm-post-image clearfix bm-hover-effect bm-hover-effect-blur\">\n\t\t\t\t<img loading=\"lazy\" decoding=\"async\" width=\"250\" height=\"141\" src=\"https:\/\/mentoring4future.es\/wp-content\/uploads\/2021\/01\/blog1.jpg\" class=\"attachment-bm-post-thumb size-bm-post-thumb wp-post-image\" alt=\"\" srcset=\"https:\/\/mentoring4future.es\/wp-content\/uploads\/2021\/01\/blog1.jpg 1800w, https:\/\/mentoring4future.es\/wp-content\/uploads\/2021\/01\/blog1-300x169.jpg 300w, https:\/\/mentoring4future.es\/wp-content\/uploads\/2021\/01\/blog1-1024x576.jpg 1024w, https:\/\/mentoring4future.es\/wp-content\/uploads\/2021\/01\/blog1-768x432.jpg 768w, https:\/\/mentoring4future.es\/wp-content\/uploads\/2021\/01\/blog1-1536x864.jpg 1536w\" sizes=\"(max-width: 250px) 100vw, 250px\" \/>\t\t\t<\/div>\n\t\t<\/div>\n        <div class=\"bm-blog-post-content bm_content_box\">\n            <h4 class=\"entry-post-title bm_title\"><a href=\"https:\/\/mentoring4future.es\/index.php\/archivos\/1\" rel=\"bookmark\">How to unlock your talent<\/a><\/h4>            <div class=\"bm-blog-post-meta entry-post-meta bm_meta\">\n                <span class=\"posted-on\"><i class=\"fa fa-clock\" aria-hidden=\"true\"><\/i><a href=\"https:\/\/mentoring4future.es\/index.php\/archivos\/1\" rel=\"bookmark\">24\/09\/2018<\/a><\/span>            <\/div>\n            <div class=\"entry-post-content bm_content\">\n                \u00a1Hola Mundo! Hola a todos los j\u00f3venes con ganas de encarar vuestro camino de futuro acad\u00e9mico, de b\u00fasqueda, orientaci\u00f3n y aprendizaje, para explorar quien y <div><a href=\"https:\/\/mentoring4future.es\/index.php\/archivos\/1\" rel=\"bookmark\" class=\"bm-read-more entry-read-more\">Leer m\u00e1s \u00bb<\/a><div>            <\/div>\n        <\/div>\n    <\/article>\n\t\t\t\t<\/div><\/div>\n\t\t\t\t\t\t\t<div class=\"bm-pagination pagination_style_1\">\n\t\t\t\t\t\t\t<\/div>\n\t\t\t\t\t\t<\/div>\n\t\t\t\t<\/div>\n\t\t\t\t\t<\/div>\n\t\t<\/div>\n\t\t\t\t\t<\/div>\n\t\t<\/section>\n\t\t\t\t<\/div>\n\t\t","protected":false},"excerpt":{"rendered":"<p>Blog TALLERES M4F EN EQUIPO 17\/02\/2021 Este 2021 lo hemos empezado con fuerza, alegr\u00eda y objetivos nuevos, porque renovarse, adaptarse y crecer es importante. Dir\u00eda que es vital para mejorar en Leer m\u00e1s \u00bb POST COVID Y M4F 11\/02\/2021 Iniciamos el 2021 con la convicci\u00f3n que debemos seguir adelante, a por nuestros sue\u00f1os, objetivos, anhelos &hellip;<\/p>\n<p class=\"read-more\"> <a class=\"\" href=\"https:\/\/mentoring4future.es\/index.php\/archivos\/1\"> <span class=\"screen-reader-text\">How to unlock your talent<\/span> Leer m\u00e1s &raquo;<\/a><\/p>\n","protected":false},"author":1,"featured_media":0,"parent":0,"menu_order":0,"comment_status":"closed","ping_status":"closed","template":"","meta":{"footnotes":""},"class_list":["post-651","page","type-page","status-publish","hentry"],"_links":{"self":[{"href":"https:\/\/mentoring4future.es\/index.php\/wp-json\/wp\/v2\/pages\/651","targetHints":{"allow":["GET"]}}],"collection":[{"href":"https:\/\/mentoring4future.es\/index.php\/wp-json\/wp\/v2\/pages"}],"about":[{"href":"https:\/\/mentoring4future.es\/index.php\/wp-json\/wp\/v2\/types\/page"}],"author":[{"embeddable":true,"href":"https:\/\/mentoring4future.es\/index.php\/wp-json\/wp\/v2\/users\/1"}],"replies":[{"embeddable":true,"href":"https:\/\/mentoring4future.es\/index.php\/wp-json\/wp\/v2\/comments?post=651"}],"version-history":[{"count":22,"href":"https:\/\/mentoring4future.es\/index.php\/wp-json\/wp\/v2\/pages\/651\/revisions"}],"predecessor-version":[{"id":1182,"href":"https:\/\/mentoring4future.es\/index.php\/wp-json\/wp\/v2\/pages\/651\/revisions\/1182"}],"wp:attachment":[{"href":"https:\/\/mentoring4future.es\/index.php\/wp-json\/wp\/v2\/media?parent=651"}],"curies":[{"name":"wp","href":"https:\/\/api.w.org\/{rel}","templated":true}]}}